{"id":746,"date":"2022-08-26T02:58:19","date_gmt":"2022-08-26T02:58:19","guid":{"rendered":"https:\/\/forza.legal\/?page_id=746"},"modified":"2024-11-14T22:19:45","modified_gmt":"2024-11-14T22:19:45","slug":"laura-sanchez-munoz","status":"publish","type":"page","link":"https:\/\/forza.legal\/es\/about-us\/our-team\/laura-sanchez-munoz\/","title":{"rendered":"Laura S\u00e1nchez Mu\u00f1oz"},"content":{"rendered":"<p>[et_pb_section fb_built=&#8221;1&#8243; _builder_version=&#8221;4.18.0&#8243; _module_preset=&#8221;default&#8221; global_colors_info=&#8221;{}&#8221;][et_pb_row _builder_version=&#8221;4.18.0&#8243; _module_preset=&#8221;default&#8221; custom_padding=&#8221;||0px||false|false&#8221; locked=&#8221;off&#8221; global_colors_info=&#8221;{}&#8221;][et_pb_column type=&#8221;4_4&#8243; _builder_version=&#8221;4.18.0&#8243; _module_preset=&#8221;default&#8221; global_colors_info=&#8221;{}&#8221;][et_pb_text _builder_version=&#8221;4.19.4&#8243; _module_preset=&#8221;default&#8221; global_colors_info=&#8221;{}&#8221;]<\/p>\n<h1><strong>Laura S\u00e1nchez<\/strong><\/h1>\n<p>[\/et_pb_text][\/et_pb_column][\/et_pb_row][et_pb_row column_structure=&#8221;1_3,2_3&#8243; _builder_version=&#8221;4.18.0&#8243; _module_preset=&#8221;default&#8221; locked=&#8221;off&#8221; global_colors_info=&#8221;{}&#8221;][et_pb_column type=&#8221;1_3&#8243; _builder_version=&#8221;4.18.0&#8243; _module_preset=&#8221;default&#8221; global_colors_info=&#8221;{}&#8221;][et_pb_image src=&#8221;https:\/\/forza.legal\/wp-content\/uploads\/2022\/08\/LAURA.jpg&#8221; alt=&#8221;Laura S\u00e1nchez Mu\u00f1oz&#8221; title_text=&#8221;LAURA&#8221; _builder_version=&#8221;4.18.0&#8243; _module_preset=&#8221;default&#8221; global_colors_info=&#8221;{}&#8221;][\/et_pb_image][et_pb_social_media_follow _builder_version=&#8221;4.18.0&#8243; _module_preset=&#8221;default&#8221; locked=&#8221;off&#8221; global_colors_info=&#8221;{}&#8221;][et_pb_social_media_follow_network social_network=&#8221;linkedin&#8221; url=&#8221;https:\/\/www.linkedin.com\/in\/laura-sanchez-forza\/&#8221; _builder_version=&#8221;4.18.0&#8243; _module_preset=&#8221;default&#8221; background_color=&#8221;#007bb6&#8243; global_colors_info=&#8221;{}&#8221; follow_button=&#8221;off&#8221; url_new_window=&#8221;on&#8221;]linkedin[\/et_pb_social_media_follow_network][\/et_pb_social_media_follow][\/et_pb_column][et_pb_column type=&#8221;2_3&#8243; _builder_version=&#8221;4.18.0&#8243; _module_preset=&#8221;default&#8221; global_colors_info=&#8221;{}&#8221;][et_pb_text _builder_version=&#8221;4.25.0&#8243; _module_preset=&#8221;default&#8221; hover_enabled=&#8221;0&#8243; global_colors_info=&#8221;{}&#8221; sticky_enabled=&#8221;0&#8243;]<\/p>\n<h2><strong>Accountant<\/strong><\/h2>\n<h4>Email: <span><a href=\"mailto:lsanchez@forza.legal\">lsanchez@forza.legal<\/a><\/span><\/h4>\n<p style=\"text-align: justify;\">Laura has a bachelor&#8217;s degree in <span>Administration with an emphasis in Accounting and Finance<\/span> with extensive experience in companies in the multilevel and financial cooperative sector. She has high knowledge in support in different administrative areas, mainly with a high focus on customer service.<\/p>\n<p><strong>Education:<\/strong><\/p>\n<ul>\n<li style=\"list-style-type: none;\">\n<ul>\n<li>Bachelor of Business Administration with an emphasis in <span>Accounting and Finance from Univerdad de las Ciencias y el Arte<\/span><\/li>\n<\/ul>\n<\/li>\n<\/ul>\n<ul>\n<ul><\/ul>\n<\/ul>\n<p>[\/et_pb_text][\/et_pb_column][\/et_pb_row][et_pb_row _builder_version=&#8221;4.18.0&#8243; _module_preset=&#8221;default&#8221; locked=&#8221;off&#8221; global_colors_info=&#8221;{}&#8221;][et_pb_column type=&#8221;4_4&#8243; _builder_version=&#8221;4.18.0&#8243; _module_preset=&#8221;default&#8221; global_colors_info=&#8221;{}&#8221;][et_pb_button button_url=&#8221;@ET-DC@eyJkeW5hbWljIjp0cnVlLCJjb250ZW50IjoicG9zdF9saW5rX3VybF9wYWdlIiwic2V0dGluZ3MiOnsicG9zdF9pZCI6IjIifX0=@&#8221; button_text=&#8221;VOLVER&#8221; button_alignment=&#8221;center&#8221; _builder_version=&#8221;4.18.0&#8243; _dynamic_attributes=&#8221;button_url&#8221; _module_preset=&#8221;default&#8221; custom_button=&#8221;on&#8221; button_text_size=&#8221;15px&#8221; button_text_color=&#8221;#FFFFFF&#8221; button_bg_color=&#8221;gcid-2cd125a7-2309-4d9d-8775-782f656ac2b1&#8243; button_border_color=&#8221;gcid-2cd125a7-2309-4d9d-8775-782f656ac2b1&#8243; button_border_radius=&#8221;38px&#8221; button_font=&#8221;ABeeZee|700||on|||||&#8221; button_icon=&#8221;&#x44;||divi||400&#8243; button_icon_color=&#8221;#FFFFFF&#8221; button_icon_placement=&#8221;left&#8221; global_colors_info=&#8221;{%22gcid-2cd125a7-2309-4d9d-8775-782f656ac2b1%22:%91%22button_bg_color%22,%22button_border_color%22%93}&#8221;][\/et_pb_button][\/et_pb_column][\/et_pb_row][\/et_pb_section]<\/p>","protected":false},"excerpt":{"rendered":"<p>Laura S\u00e1nchezAccountant Email: lsanchez@forza.legal Laura has a bachelor&#8217;s degree in Administration with an emphasis in Accounting and Finance with extensive experience in companies in the multilevel and financial cooperative sector. She has high knowledge in support in different administrative areas, mainly with a high focus on customer service. Education: Bachelor of Business Administration with an [&hellip;]<\/p>","protected":false},"author":1,"featured_media":604,"parent":2,"menu_order":0,"comment_status":"closed","ping_status":"closed","template":"","meta":{"_et_pb_use_builder":"on","_et_pb_old_content":"","_et_gb_content_width":"","footnotes":""},"yoast_head":"<!-- This site is optimized with the Yoast SEO plugin v22.6 - https:\/\/yoast.com\/wordpress\/plugins\/seo\/ -->\n<title>Laura S\u00e1nchez Mu\u00f1oz - Forza<\/title>\n<meta name=\"robots\" content=\"index, follow, max-snippet:-1, max-image-preview:large, max-video-preview:-1\" \/>\n<link rel=\"canonical\" href=\"https:\/\/forza.legal\/es\/about-us\/our-team\/laura-sanchez-munoz\/\" \/>\n<meta property=\"og:locale\" content=\"es_ES\" \/>\n<meta property=\"og:type\" content=\"article\" \/>\n<meta property=\"og:title\" content=\"Laura S\u00e1nchez Mu\u00f1oz - Forza\" \/>\n<meta property=\"og:description\" content=\"Laura S\u00e1nchezAccountant Email: lsanchez@forza.legal Laura has a bachelor&#039;s degree in Administration with an emphasis in Accounting and Finance with extensive experience in companies in the multilevel and financial cooperative sector. She has high knowledge in support in different administrative areas, mainly with a high focus on customer service. Education: Bachelor of Business Administration with an [&hellip;]\" \/>\n<meta property=\"og:url\" content=\"https:\/\/forza.legal\/es\/about-us\/our-team\/laura-sanchez-munoz\/\" \/>\n<meta property=\"og:site_name\" content=\"Forza\" \/>\n<meta property=\"article:publisher\" content=\"https:\/\/www.facebook.com\/forzacostarica\" \/>\n<meta property=\"article:modified_time\" content=\"2024-11-14T22:19:45+00:00\" \/>\n<meta property=\"og:image\" content=\"https:\/\/forza.legal\/wp-content\/uploads\/2022\/08\/LAURA.jpg\" \/>\n\t<meta property=\"og:image:width\" content=\"600\" \/>\n\t<meta property=\"og:image:height\" content=\"900\" \/>\n\t<meta property=\"og:image:type\" content=\"image\/jpeg\" \/>\n<meta name=\"twitter:card\" content=\"summary_large_image\" \/>\n<meta name=\"twitter:label1\" content=\"Tiempo de lectura\" \/>\n\t<meta name=\"twitter:data1\" content=\"2 minutos\" \/>\n<script type=\"application\/ld+json\" class=\"yoast-schema-graph\">{\"@context\":\"https:\/\/schema.org\",\"@graph\":[{\"@type\":\"WebPage\",\"@id\":\"https:\/\/forza.legal\/about-us\/our-team\/laura-sanchez-munoz\/\",\"url\":\"https:\/\/forza.legal\/about-us\/our-team\/laura-sanchez-munoz\/\",\"name\":\"Laura S\u00e1nchez Mu\u00f1oz - Forza\",\"isPartOf\":{\"@id\":\"https:\/\/forza.legal\/#website\"},\"primaryImageOfPage\":{\"@id\":\"https:\/\/forza.legal\/about-us\/our-team\/laura-sanchez-munoz\/#primaryimage\"},\"image\":{\"@id\":\"https:\/\/forza.legal\/about-us\/our-team\/laura-sanchez-munoz\/#primaryimage\"},\"thumbnailUrl\":\"https:\/\/i0.wp.com\/forza.legal\/wp-content\/uploads\/2022\/08\/LAURA.jpg?fit=600%2C900&ssl=1\",\"datePublished\":\"2022-08-26T02:58:19+00:00\",\"dateModified\":\"2024-11-14T22:19:45+00:00\",\"breadcrumb\":{\"@id\":\"https:\/\/forza.legal\/about-us\/our-team\/laura-sanchez-munoz\/#breadcrumb\"},\"inLanguage\":\"es\",\"potentialAction\":[{\"@type\":\"ReadAction\",\"target\":[\"https:\/\/forza.legal\/about-us\/our-team\/laura-sanchez-munoz\/\"]}]},{\"@type\":\"ImageObject\",\"inLanguage\":\"es\",\"@id\":\"https:\/\/forza.legal\/about-us\/our-team\/laura-sanchez-munoz\/#primaryimage\",\"url\":\"https:\/\/i0.wp.com\/forza.legal\/wp-content\/uploads\/2022\/08\/LAURA.jpg?fit=600%2C900&ssl=1\",\"contentUrl\":\"https:\/\/i0.wp.com\/forza.legal\/wp-content\/uploads\/2022\/08\/LAURA.jpg?fit=600%2C900&ssl=1\",\"width\":600,\"height\":900,\"caption\":\"Laura S\u00e1nchez Mu\u00f1oz\"},{\"@type\":\"BreadcrumbList\",\"@id\":\"https:\/\/forza.legal\/about-us\/our-team\/laura-sanchez-munoz\/#breadcrumb\",\"itemListElement\":[{\"@type\":\"ListItem\",\"position\":1,\"name\":\"Inicio\",\"item\":\"https:\/\/forza.legal\/\"},{\"@type\":\"ListItem\",\"position\":2,\"name\":\"About Us\",\"item\":\"https:\/\/forza.legal\/about-us\/\"},{\"@type\":\"ListItem\",\"position\":3,\"name\":\"Our Team\",\"item\":\"https:\/\/forza.legal\/about-us\/our-team\/\"},{\"@type\":\"ListItem\",\"position\":4,\"name\":\"Laura S\u00e1nchez Mu\u00f1oz\"}]},{\"@type\":\"WebSite\",\"@id\":\"https:\/\/forza.legal\/#website\",\"url\":\"https:\/\/forza.legal\/\",\"name\":\"Forza\",\"description\":\"Firma de Abogados; a team of lawyers and accountants\",\"publisher\":{\"@id\":\"https:\/\/forza.legal\/#organization\"},\"potentialAction\":[{\"@type\":\"SearchAction\",\"target\":{\"@type\":\"EntryPoint\",\"urlTemplate\":\"https:\/\/forza.legal\/?s={search_term_string}\"},\"query-input\":\"required name=search_term_string\"}],\"inLanguage\":\"es\"},{\"@type\":\"Organization\",\"@id\":\"https:\/\/forza.legal\/#organization\",\"name\":\"Forza\",\"url\":\"https:\/\/forza.legal\/\",\"logo\":{\"@type\":\"ImageObject\",\"inLanguage\":\"es\",\"@id\":\"https:\/\/forza.legal\/#\/schema\/logo\/image\/\",\"url\":\"https:\/\/i0.wp.com\/forza.legal\/wp-content\/uploads\/2022\/08\/Artboard-1.png?fit=1224%2C792&ssl=1\",\"contentUrl\":\"https:\/\/i0.wp.com\/forza.legal\/wp-content\/uploads\/2022\/08\/Artboard-1.png?fit=1224%2C792&ssl=1\",\"width\":1224,\"height\":792,\"caption\":\"Forza\"},\"image\":{\"@id\":\"https:\/\/forza.legal\/#\/schema\/logo\/image\/\"},\"sameAs\":[\"https:\/\/www.facebook.com\/forzacostarica\",\"https:\/\/www.instagram.com\/forzacostarica\/\",\"https:\/\/www.linkedin.com\/company\/forzalegal\/\"]}]}<\/script>\n<!-- \/ Yoast SEO plugin. -->","yoast_head_json":{"title":"Laura S\u00e1nchez Mu\u00f1oz - Forza","robots":{"index":"index","follow":"follow","max-snippet":"max-snippet:-1","max-image-preview":"max-image-preview:large","max-video-preview":"max-video-preview:-1"},"canonical":"https:\/\/forza.legal\/es\/about-us\/our-team\/laura-sanchez-munoz\/","og_locale":"es_ES","og_type":"article","og_title":"Laura S\u00e1nchez Mu\u00f1oz - Forza","og_description":"Laura S\u00e1nchezAccountant Email: lsanchez@forza.legal Laura has a bachelor's degree in Administration with an emphasis in Accounting and Finance with extensive experience in companies in the multilevel and financial cooperative sector. She has high knowledge in support in different administrative areas, mainly with a high focus on customer service. Education: Bachelor of Business Administration with an [&hellip;]","og_url":"https:\/\/forza.legal\/es\/about-us\/our-team\/laura-sanchez-munoz\/","og_site_name":"Forza","article_publisher":"https:\/\/www.facebook.com\/forzacostarica","article_modified_time":"2024-11-14T22:19:45+00:00","og_image":[{"width":600,"height":900,"url":"https:\/\/forza.legal\/wp-content\/uploads\/2022\/08\/LAURA.jpg","type":"image\/jpeg"}],"twitter_card":"summary_large_image","twitter_misc":{"Tiempo de lectura":"2 minutos"},"schema":{"@context":"https:\/\/schema.org","@graph":[{"@type":"WebPage","@id":"https:\/\/forza.legal\/about-us\/our-team\/laura-sanchez-munoz\/","url":"https:\/\/forza.legal\/about-us\/our-team\/laura-sanchez-munoz\/","name":"Laura S\u00e1nchez Mu\u00f1oz - Forza","isPartOf":{"@id":"https:\/\/forza.legal\/#website"},"primaryImageOfPage":{"@id":"https:\/\/forza.legal\/about-us\/our-team\/laura-sanchez-munoz\/#primaryimage"},"image":{"@id":"https:\/\/forza.legal\/about-us\/our-team\/laura-sanchez-munoz\/#primaryimage"},"thumbnailUrl":"https:\/\/i0.wp.com\/forza.legal\/wp-content\/uploads\/2022\/08\/LAURA.jpg?fit=600%2C900&ssl=1","datePublished":"2022-08-26T02:58:19+00:00","dateModified":"2024-11-14T22:19:45+00:00","breadcrumb":{"@id":"https:\/\/forza.legal\/about-us\/our-team\/laura-sanchez-munoz\/#breadcrumb"},"inLanguage":"es","potentialAction":[{"@type":"ReadAction","target":["https:\/\/forza.legal\/about-us\/our-team\/laura-sanchez-munoz\/"]}]},{"@type":"ImageObject","inLanguage":"es","@id":"https:\/\/forza.legal\/about-us\/our-team\/laura-sanchez-munoz\/#primaryimage","url":"https:\/\/i0.wp.com\/forza.legal\/wp-content\/uploads\/2022\/08\/LAURA.jpg?fit=600%2C900&ssl=1","contentUrl":"https:\/\/i0.wp.com\/forza.legal\/wp-content\/uploads\/2022\/08\/LAURA.jpg?fit=600%2C900&ssl=1","width":600,"height":900,"caption":"Laura S\u00e1nchez Mu\u00f1oz"},{"@type":"BreadcrumbList","@id":"https:\/\/forza.legal\/about-us\/our-team\/laura-sanchez-munoz\/#breadcrumb","itemListElement":[{"@type":"ListItem","position":1,"name":"Inicio","item":"https:\/\/forza.legal\/"},{"@type":"ListItem","position":2,"name":"About Us","item":"https:\/\/forza.legal\/about-us\/"},{"@type":"ListItem","position":3,"name":"Our Team","item":"https:\/\/forza.legal\/about-us\/our-team\/"},{"@type":"ListItem","position":4,"name":"Laura S\u00e1nchez Mu\u00f1oz"}]},{"@type":"WebSite","@id":"https:\/\/forza.legal\/#website","url":"https:\/\/forza.legal\/","name":"Forza","description":"Firma de Abogados; a team of lawyers and accountants","publisher":{"@id":"https:\/\/forza.legal\/#organization"},"potentialAction":[{"@type":"SearchAction","target":{"@type":"EntryPoint","urlTemplate":"https:\/\/forza.legal\/?s={search_term_string}"},"query-input":"required name=search_term_string"}],"inLanguage":"es"},{"@type":"Organization","@id":"https:\/\/forza.legal\/#organization","name":"Forza","url":"https:\/\/forza.legal\/","logo":{"@type":"ImageObject","inLanguage":"es","@id":"https:\/\/forza.legal\/#\/schema\/logo\/image\/","url":"https:\/\/i0.wp.com\/forza.legal\/wp-content\/uploads\/2022\/08\/Artboard-1.png?fit=1224%2C792&ssl=1","contentUrl":"https:\/\/i0.wp.com\/forza.legal\/wp-content\/uploads\/2022\/08\/Artboard-1.png?fit=1224%2C792&ssl=1","width":1224,"height":792,"caption":"Forza"},"image":{"@id":"https:\/\/forza.legal\/#\/schema\/logo\/image\/"},"sameAs":["https:\/\/www.facebook.com\/forzacostarica","https:\/\/www.instagram.com\/forzacostarica\/","https:\/\/www.linkedin.com\/company\/forzalegal\/"]}]}},"jetpack_sharing_enabled":true,"jetpack-related-posts":[],"_links":{"self":[{"href":"https:\/\/forza.legal\/es\/wp-json\/wp\/v2\/pages\/746"}],"collection":[{"href":"https:\/\/forza.legal\/es\/wp-json\/wp\/v2\/pages"}],"about":[{"href":"https:\/\/forza.legal\/es\/wp-json\/wp\/v2\/types\/page"}],"author":[{"embeddable":true,"href":"https:\/\/forza.legal\/es\/wp-json\/wp\/v2\/users\/1"}],"replies":[{"embeddable":true,"href":"https:\/\/forza.legal\/es\/wp-json\/wp\/v2\/comments?post=746"}],"version-history":[{"count":9,"href":"https:\/\/forza.legal\/es\/wp-json\/wp\/v2\/pages\/746\/revisions"}],"predecessor-version":[{"id":1554,"href":"https:\/\/forza.legal\/es\/wp-json\/wp\/v2\/pages\/746\/revisions\/1554"}],"up":[{"embeddable":true,"href":"https:\/\/forza.legal\/es\/wp-json\/wp\/v2\/pages\/2"}],"wp:featuredmedia":[{"embeddable":true,"href":"https:\/\/forza.legal\/es\/wp-json\/wp\/v2\/media\/604"}],"wp:attachment":[{"href":"https:\/\/forza.legal\/es\/wp-json\/wp\/v2\/media?parent=746"}],"curies":[{"name":"wp","href":"https:\/\/api.w.org\/{rel}","templated":true}]}}