{"id":712,"date":"2022-08-26T02:23:19","date_gmt":"2022-08-26T02:23:19","guid":{"rendered":"https:\/\/forza.legal\/?page_id=712"},"modified":"2022-12-21T22:15:31","modified_gmt":"2022-12-21T22:15:31","slug":"jose-andres-valerio","status":"publish","type":"page","link":"https:\/\/forza.legal\/es\/about-us\/our-team\/jose-andres-valerio\/","title":{"rendered":"Jos\u00e9 Andr\u00e9s Valerio"},"content":{"rendered":"<p>[et_pb_section fb_built=&#8221;1&#8243; custom_padding_last_edited=&#8221;on|phone&#8221; module_class=&#8221;seccion-menu&#8221; _builder_version=&#8221;4.17.6&#8243; _module_preset=&#8221;default&#8221; positioning=&#8221;fixed&#8221; z_index=&#8221;9999&#8243; min_height=&#8221;0px&#8221; custom_margin=&#8221;0px||0px||false|false&#8221; custom_padding=&#8221;15px|30px|15px|30px|true|true&#8221; custom_padding_tablet=&#8221;|25px||25px|true|true&#8221; custom_padding_phone=&#8221;|20px||20px|true|true&#8221; global_colors_info=&#8221;{}&#8221;][et_pb_row column_structure=&#8221;1_5,3_5,1_5&#8243; use_custom_gutter=&#8221;on&#8221; gutter_width=&#8221;1&#8243; make_equal=&#8221;on&#8221; _builder_version=&#8221;4.17.6&#8243; _module_preset=&#8221;default&#8221; width=&#8221;100%&#8221; max_width=&#8221;100%&#8221; custom_padding=&#8221;0px||0px||false|false&#8221; custom_css_main_element=&#8221;display: flex;||align-items: center;||justify-content: center;&#8221; global_colors_info=&#8221;{}&#8221;][et_pb_column type=&#8221;1_5&#8243; _builder_version=&#8221;4.17.6&#8243; _module_preset=&#8221;default&#8221; global_colors_info=&#8221;{}&#8221;][et_pb_image src=&#8221;@ET-DC@eyJkeW5hbWljIjp0cnVlLCJjb250ZW50Ijoic2l0ZV9sb2dvIiwic2V0dGluZ3MiOnt9fQ==@&#8221; url=&#8221;@ET-DC@eyJkeW5hbWljIjp0cnVlLCJjb250ZW50IjoicG9zdF9saW5rX3VybF9wYWdlIiwic2V0dGluZ3MiOnsicG9zdF9pZCI6IjgifX0=@&#8221; show_bottom_space_tablet=&#8221;&#8221; show_bottom_space_phone=&#8221;&#8221; show_bottom_space_last_edited=&#8221;on|phone&#8221; align_tablet=&#8221;left&#8221; align_phone=&#8221;left&#8221; align_last_edited=&#8221;on|desktop&#8221; _builder_version=&#8221;4.17.6&#8243; _dynamic_attributes=&#8221;src,url&#8221; _module_preset=&#8221;default&#8221; height=&#8221;35px&#8221; height_tablet=&#8221;35px&#8221; height_phone=&#8221;25px&#8221; height_last_edited=&#8221;on|phone&#8221; custom_margin=&#8221;||||false|false&#8221; custom_padding=&#8221;15px|20px|15px|20px|true|true&#8221; global_colors_info=&#8221;{}&#8221;][\/et_pb_image][\/et_pb_column][et_pb_column type=&#8221;3_5&#8243; _builder_version=&#8221;4.17.6&#8243; _module_preset=&#8221;default&#8221; global_colors_info=&#8221;{}&#8221;][et_pb_menu menu_style=&#8221;centered&#8221; disabled_on=&#8221;off|off|off&#8221; admin_label=&#8221;Men\u00fa&#8221; _builder_version=&#8221;4.17.6&#8243; _module_preset=&#8221;default&#8221; menu_font=&#8221;|600|||||||&#8221; menu_font_size=&#8221;15px&#8221; menu_font_size_tablet=&#8221;14px&#8221; menu_font_size_phone=&#8221;13px&#8221; menu_font_size_last_edited=&#8221;on|phone&#8221; global_colors_info=&#8221;{}&#8221;][\/et_pb_menu][et_pb_code _builder_version=&#8221;4.17.6&#8243; _module_preset=&#8221;default&#8221; global_colors_info=&#8221;{}&#8221;]<script><!-- [et_pb_line_break_holder] -->\/\/ No superponer el menu fijo<!-- [et_pb_line_break_holder] -->jQuery(function($){<!-- [et_pb_line_break_holder] -->var headerSection = $('.seccion-menu');<!-- [et_pb_line_break_holder] -->headerSection.wrap('<\/p>\n<div class=\"header-placeholder\"><\/div>\n<p>');<!-- [et_pb_line_break_holder] -->var headerWrap = $('.header-placeholder');<!-- [et_pb_line_break_holder] -->var headerHeight = headerSection.outerHeight();<!-- [et_pb_line_break_holder] -->headerWrap.css('height', headerHeight);<!-- [et_pb_line_break_holder] -->$(window).resize(function() {<!-- [et_pb_line_break_holder] -->headerHeight = headerSection.outerHeight();<!-- [et_pb_line_break_holder] -->headerWrap.css('height', headerHeight);<!-- [et_pb_line_break_holder] -->});<!-- [et_pb_line_break_holder] -->});<!-- [et_pb_line_break_holder] -->  <\/script>[\/et_pb_code][\/et_pb_column][et_pb_column type=&#8221;1_5&#8243; disabled_on=&#8221;on|on|off&#8221; _builder_version=&#8221;4.17.6&#8243; _module_preset=&#8221;default&#8221; global_colors_info=&#8221;{}&#8221;][et_pb_button button_url=&#8221;@ET-DC@eyJkeW5hbWljIjp0cnVlLCJjb250ZW50IjoicG9zdF9saW5rX3VybF9wYWdlIiwic2V0dGluZ3MiOnsicG9zdF9pZCI6IjE1In19@&#8221; button_text=&#8221;Contacto&#8221; button_alignment=&#8221;right&#8221; _builder_version=&#8221;4.17.6&#8243; _dynamic_attributes=&#8221;button_url&#8221; _module_preset=&#8221;default&#8221; custom_button=&#8221;on&#8221; button_text_size=&#8221;14px&#8221; button_text_color=&#8221;gcid-2cd125a7-2309-4d9d-8775-782f656ac2b1&#8243; button_border_width=&#8221;2px&#8221; button_border_radius=&#8221;100px&#8221; button_font=&#8221;|600||on|||||&#8221; button_icon=&#8221;&#x45;||divi||400&#8243; custom_margin=&#8221;||||false|false&#8221; custom_padding=&#8221;10px|25px|10px|25px|true|true&#8221; button_text_size_tablet=&#8221;13px&#8221; button_text_size_phone=&#8221;12px&#8221; button_text_size_last_edited=&#8221;on|phone&#8221; global_colors_info=&#8221;{%22gcid-2cd125a7-2309-4d9d-8775-782f656ac2b1%22:%91%22button_text_color%22,%22button_bg_color__hover%22%93}&#8221; button_text_color__hover_enabled=&#8221;on|desktop&#8221; button_text_color__hover=&#8221;#FFFFFF&#8221; button_bg_color__hover_enabled=&#8221;on|desktop&#8221; button_bg_color__hover=&#8221;#123c64&#8243; button_bg_enable_color__hover=&#8221;on&#8221;][\/et_pb_button][\/et_pb_column][\/et_pb_row][\/et_pb_section][et_pb_section fb_built=&#8221;1&#8243; _builder_version=&#8221;4.18.0&#8243; _module_preset=&#8221;default&#8221; global_colors_info=&#8221;{}&#8221;][et_pb_row _builder_version=&#8221;4.18.0&#8243; _module_preset=&#8221;default&#8221; custom_padding=&#8221;||0px||false|false&#8221; locked=&#8221;off&#8221; global_colors_info=&#8221;{}&#8221;][et_pb_column type=&#8221;4_4&#8243; _builder_version=&#8221;4.18.0&#8243; _module_preset=&#8221;default&#8221; global_colors_info=&#8221;{}&#8221;][et_pb_text _builder_version=&#8221;4.18.0&#8243; _module_preset=&#8221;default&#8221; global_colors_info=&#8221;{}&#8221;]<\/p>\n<h1><strong>Jos\u00e9 Andr\u00e9s Valerio\u00a0<\/strong><\/h1>\n<p>[\/et_pb_text][\/et_pb_column][\/et_pb_row][et_pb_row column_structure=&#8221;1_3,2_3&#8243; _builder_version=&#8221;4.18.0&#8243; _module_preset=&#8221;default&#8221; locked=&#8221;off&#8221; global_colors_info=&#8221;{}&#8221;][et_pb_column type=&#8221;1_3&#8243; _builder_version=&#8221;4.18.0&#8243; _module_preset=&#8221;default&#8221; global_colors_info=&#8221;{}&#8221;][et_pb_image src=&#8221;https:\/\/forza.legal\/wp-content\/uploads\/2022\/08\/DBVS-009.jpg&#8221; alt=&#8221;JOSE&#8221; title_text=&#8221;JOSE&#8221; _builder_version=&#8221;4.18.0&#8243; _module_preset=&#8221;default&#8221; global_colors_info=&#8221;{}&#8221;][\/et_pb_image][\/et_pb_column][et_pb_column type=&#8221;2_3&#8243; _builder_version=&#8221;4.18.0&#8243; _module_preset=&#8221;default&#8221; global_colors_info=&#8221;{}&#8221;][et_pb_text _builder_version=&#8221;4.19.4&#8243; _module_preset=&#8221;default&#8221; hover_enabled=&#8221;0&#8243; global_colors_info=&#8221;{}&#8221; sticky_enabled=&#8221;0&#8243;]<\/p>\n<h2><strong>Attorney<\/strong><\/h2>\n<h4><strong>Email: <\/strong><a href=\"mailto:jvalerio@forza.legal\">jvalerio@forza.legal<\/a><\/h4>\n<p style=\"text-align: justify;\">Jos\u00e9 Andr\u00e9s is an Attorney and Notary Public with extensive experience on Intellectual Property and Sanitary Permits registration. He has been part of top-tier legal firms in Costa Rica and has represented multinational brands on regulatory matters, both medical devices and food industries. Also, Jos\u00e9 Andr\u00e9s is a professional musician and part of his experience has been related to Copyright Law. He is a professor at Universidad de Costa Rica and Universidad Hispanoamericana and is part of the National Symphony Orchestra of Costa Rica.<\/p>\n<p><strong>Experience:<\/strong><\/p>\n<ul>\n<li>Attorney and Notary Public<\/li>\n<li>Intellectual Property<\/li>\n<\/ul>\n<p><strong>Education:<\/strong><\/p>\n<ul>\n<li>Master\u2019s degree in Notary Public and Registration Law &#8211; Universidad Hispanoamericana (2018)<\/li>\n<li>Law Degree &#8211; Universidad Hispanoamericana (2014)<\/li>\n<\/ul>\n<p>[\/et_pb_text][\/et_pb_column][\/et_pb_row][et_pb_row _builder_version=&#8221;4.18.0&#8243; _module_preset=&#8221;default&#8221; locked=&#8221;off&#8221; global_colors_info=&#8221;{}&#8221;][et_pb_column type=&#8221;4_4&#8243; _builder_version=&#8221;4.18.0&#8243; _module_preset=&#8221;default&#8221; global_colors_info=&#8221;{}&#8221;][et_pb_button button_url=&#8221;@ET-DC@eyJkeW5hbWljIjp0cnVlLCJjb250ZW50IjoicG9zdF9saW5rX3VybF9wYWdlIiwic2V0dGluZ3MiOnsicG9zdF9pZCI6IjIifX0=@&#8221; button_text=&#8221;VOLVER&#8221; button_alignment=&#8221;center&#8221; _builder_version=&#8221;4.18.0&#8243; _dynamic_attributes=&#8221;button_url&#8221; _module_preset=&#8221;default&#8221; custom_button=&#8221;on&#8221; button_text_size=&#8221;15px&#8221; button_text_color=&#8221;#FFFFFF&#8221; button_bg_color=&#8221;gcid-2cd125a7-2309-4d9d-8775-782f656ac2b1&#8243; button_border_color=&#8221;gcid-2cd125a7-2309-4d9d-8775-782f656ac2b1&#8243; button_border_radius=&#8221;38px&#8221; button_font=&#8221;ABeeZee|700||on|||||&#8221; button_icon=&#8221;&#x44;||divi||400&#8243; button_icon_color=&#8221;#FFFFFF&#8221; button_icon_placement=&#8221;left&#8221; global_colors_info=&#8221;{%22gcid-2cd125a7-2309-4d9d-8775-782f656ac2b1%22:%91%22button_bg_color%22,%22button_border_color%22%93}&#8221;][\/et_pb_button][\/et_pb_column][\/et_pb_row][\/et_pb_section]<\/p>","protected":false},"excerpt":{"rendered":"<p>Jos\u00e9 Andr\u00e9s Valerio\u00a0Attorney Email: jvalerio@forza.legal Jos\u00e9 Andr\u00e9s is an Attorney and Notary Public with extensive experience on Intellectual Property and Sanitary Permits registration. He has been part of top-tier legal firms in Costa Rica and has represented multinational brands on regulatory matters, both medical devices and food industries. Also, Jos\u00e9 Andr\u00e9s is a professional musician [&hellip;]<\/p>","protected":false},"author":1,"featured_media":578,"parent":2,"menu_order":0,"comment_status":"closed","ping_status":"closed","template":"","meta":{"_et_pb_use_builder":"on","_et_pb_old_content":"","_et_gb_content_width":"","footnotes":""},"yoast_head":"<!-- This site is optimized with the Yoast SEO plugin v22.6 - https:\/\/yoast.com\/wordpress\/plugins\/seo\/ -->\n<title>Jos\u00e9 Andr\u00e9s Valerio - Forza<\/title>\n<meta name=\"robots\" content=\"index, follow, max-snippet:-1, max-image-preview:large, max-video-preview:-1\" \/>\n<link rel=\"canonical\" href=\"https:\/\/forza.legal\/es\/about-us\/our-team\/jose-andres-valerio\/\" \/>\n<meta property=\"og:locale\" content=\"es_ES\" \/>\n<meta property=\"og:type\" content=\"article\" \/>\n<meta property=\"og:title\" content=\"Jos\u00e9 Andr\u00e9s Valerio - Forza\" \/>\n<meta property=\"og:description\" content=\"Jos\u00e9 Andr\u00e9s Valerio\u00a0Attorney Email: jvalerio@forza.legal Jos\u00e9 Andr\u00e9s is an Attorney and Notary Public with extensive experience on Intellectual Property and Sanitary Permits registration. He has been part of top-tier legal firms in Costa Rica and has represented multinational brands on regulatory matters, both medical devices and food industries. Also, Jos\u00e9 Andr\u00e9s is a professional musician [&hellip;]\" \/>\n<meta property=\"og:url\" content=\"https:\/\/forza.legal\/es\/about-us\/our-team\/jose-andres-valerio\/\" \/>\n<meta property=\"og:site_name\" content=\"Forza\" \/>\n<meta property=\"article:publisher\" content=\"https:\/\/www.facebook.com\/forzacostarica\" \/>\n<meta property=\"article:modified_time\" content=\"2022-12-21T22:15:31+00:00\" \/>\n<meta property=\"og:image\" content=\"https:\/\/forza.legal\/wp-content\/uploads\/2022\/08\/DBVS-009.jpg\" \/>\n\t<meta property=\"og:image:width\" content=\"600\" \/>\n\t<meta property=\"og:image:height\" content=\"900\" \/>\n\t<meta property=\"og:image:type\" content=\"image\/jpeg\" \/>\n<meta name=\"twitter:card\" content=\"summary_large_image\" \/>\n<meta name=\"twitter:label1\" content=\"Tiempo de lectura\" \/>\n\t<meta name=\"twitter:data1\" content=\"5 minutos\" \/>\n<script type=\"application\/ld+json\" class=\"yoast-schema-graph\">{\"@context\":\"https:\/\/schema.org\",\"@graph\":[{\"@type\":\"WebPage\",\"@id\":\"https:\/\/forza.legal\/about-us\/our-team\/jose-andres-valerio\/\",\"url\":\"https:\/\/forza.legal\/about-us\/our-team\/jose-andres-valerio\/\",\"name\":\"Jos\u00e9 Andr\u00e9s Valerio - Forza\",\"isPartOf\":{\"@id\":\"https:\/\/forza.legal\/#website\"},\"primaryImageOfPage\":{\"@id\":\"https:\/\/forza.legal\/about-us\/our-team\/jose-andres-valerio\/#primaryimage\"},\"image\":{\"@id\":\"https:\/\/forza.legal\/about-us\/our-team\/jose-andres-valerio\/#primaryimage\"},\"thumbnailUrl\":\"https:\/\/i0.wp.com\/forza.legal\/wp-content\/uploads\/2022\/08\/DBVS-009.jpg?fit=600%2C900&ssl=1\",\"datePublished\":\"2022-08-26T02:23:19+00:00\",\"dateModified\":\"2022-12-21T22:15:31+00:00\",\"breadcrumb\":{\"@id\":\"https:\/\/forza.legal\/about-us\/our-team\/jose-andres-valerio\/#breadcrumb\"},\"inLanguage\":\"es\",\"potentialAction\":[{\"@type\":\"ReadAction\",\"target\":[\"https:\/\/forza.legal\/about-us\/our-team\/jose-andres-valerio\/\"]}]},{\"@type\":\"ImageObject\",\"inLanguage\":\"es\",\"@id\":\"https:\/\/forza.legal\/about-us\/our-team\/jose-andres-valerio\/#primaryimage\",\"url\":\"https:\/\/i0.wp.com\/forza.legal\/wp-content\/uploads\/2022\/08\/DBVS-009.jpg?fit=600%2C900&ssl=1\",\"contentUrl\":\"https:\/\/i0.wp.com\/forza.legal\/wp-content\/uploads\/2022\/08\/DBVS-009.jpg?fit=600%2C900&ssl=1\",\"width\":600,\"height\":900,\"caption\":\"JOSE\"},{\"@type\":\"BreadcrumbList\",\"@id\":\"https:\/\/forza.legal\/about-us\/our-team\/jose-andres-valerio\/#breadcrumb\",\"itemListElement\":[{\"@type\":\"ListItem\",\"position\":1,\"name\":\"Inicio\",\"item\":\"https:\/\/forza.legal\/\"},{\"@type\":\"ListItem\",\"position\":2,\"name\":\"About Us\",\"item\":\"https:\/\/forza.legal\/about-us\/\"},{\"@type\":\"ListItem\",\"position\":3,\"name\":\"Our Team\",\"item\":\"https:\/\/forza.legal\/about-us\/our-team\/\"},{\"@type\":\"ListItem\",\"position\":4,\"name\":\"Jos\u00e9 Andr\u00e9s Valerio\"}]},{\"@type\":\"WebSite\",\"@id\":\"https:\/\/forza.legal\/#website\",\"url\":\"https:\/\/forza.legal\/\",\"name\":\"Forza\",\"description\":\"Firma de Abogados; a team of lawyers and accountants\",\"publisher\":{\"@id\":\"https:\/\/forza.legal\/#organization\"},\"potentialAction\":[{\"@type\":\"SearchAction\",\"target\":{\"@type\":\"EntryPoint\",\"urlTemplate\":\"https:\/\/forza.legal\/?s={search_term_string}\"},\"query-input\":\"required name=search_term_string\"}],\"inLanguage\":\"es\"},{\"@type\":\"Organization\",\"@id\":\"https:\/\/forza.legal\/#organization\",\"name\":\"Forza\",\"url\":\"https:\/\/forza.legal\/\",\"logo\":{\"@type\":\"ImageObject\",\"inLanguage\":\"es\",\"@id\":\"https:\/\/forza.legal\/#\/schema\/logo\/image\/\",\"url\":\"https:\/\/i0.wp.com\/forza.legal\/wp-content\/uploads\/2022\/08\/Artboard-1.png?fit=1224%2C792&ssl=1\",\"contentUrl\":\"https:\/\/i0.wp.com\/forza.legal\/wp-content\/uploads\/2022\/08\/Artboard-1.png?fit=1224%2C792&ssl=1\",\"width\":1224,\"height\":792,\"caption\":\"Forza\"},\"image\":{\"@id\":\"https:\/\/forza.legal\/#\/schema\/logo\/image\/\"},\"sameAs\":[\"https:\/\/www.facebook.com\/forzacostarica\",\"https:\/\/www.instagram.com\/forzacostarica\/\",\"https:\/\/www.linkedin.com\/company\/forzalegal\/\"]}]}<\/script>\n<!-- \/ Yoast SEO plugin. -->","yoast_head_json":{"title":"Jos\u00e9 Andr\u00e9s Valerio - Forza","robots":{"index":"index","follow":"follow","max-snippet":"max-snippet:-1","max-image-preview":"max-image-preview:large","max-video-preview":"max-video-preview:-1"},"canonical":"https:\/\/forza.legal\/es\/about-us\/our-team\/jose-andres-valerio\/","og_locale":"es_ES","og_type":"article","og_title":"Jos\u00e9 Andr\u00e9s Valerio - Forza","og_description":"Jos\u00e9 Andr\u00e9s Valerio\u00a0Attorney Email: jvalerio@forza.legal Jos\u00e9 Andr\u00e9s is an Attorney and Notary Public with extensive experience on Intellectual Property and Sanitary Permits registration. He has been part of top-tier legal firms in Costa Rica and has represented multinational brands on regulatory matters, both medical devices and food industries. Also, Jos\u00e9 Andr\u00e9s is a professional musician [&hellip;]","og_url":"https:\/\/forza.legal\/es\/about-us\/our-team\/jose-andres-valerio\/","og_site_name":"Forza","article_publisher":"https:\/\/www.facebook.com\/forzacostarica","article_modified_time":"2022-12-21T22:15:31+00:00","og_image":[{"width":600,"height":900,"url":"https:\/\/forza.legal\/wp-content\/uploads\/2022\/08\/DBVS-009.jpg","type":"image\/jpeg"}],"twitter_card":"summary_large_image","twitter_misc":{"Tiempo de lectura":"5 minutos"},"schema":{"@context":"https:\/\/schema.org","@graph":[{"@type":"WebPage","@id":"https:\/\/forza.legal\/about-us\/our-team\/jose-andres-valerio\/","url":"https:\/\/forza.legal\/about-us\/our-team\/jose-andres-valerio\/","name":"Jos\u00e9 Andr\u00e9s Valerio - Forza","isPartOf":{"@id":"https:\/\/forza.legal\/#website"},"primaryImageOfPage":{"@id":"https:\/\/forza.legal\/about-us\/our-team\/jose-andres-valerio\/#primaryimage"},"image":{"@id":"https:\/\/forza.legal\/about-us\/our-team\/jose-andres-valerio\/#primaryimage"},"thumbnailUrl":"https:\/\/i0.wp.com\/forza.legal\/wp-content\/uploads\/2022\/08\/DBVS-009.jpg?fit=600%2C900&ssl=1","datePublished":"2022-08-26T02:23:19+00:00","dateModified":"2022-12-21T22:15:31+00:00","breadcrumb":{"@id":"https:\/\/forza.legal\/about-us\/our-team\/jose-andres-valerio\/#breadcrumb"},"inLanguage":"es","potentialAction":[{"@type":"ReadAction","target":["https:\/\/forza.legal\/about-us\/our-team\/jose-andres-valerio\/"]}]},{"@type":"ImageObject","inLanguage":"es","@id":"https:\/\/forza.legal\/about-us\/our-team\/jose-andres-valerio\/#primaryimage","url":"https:\/\/i0.wp.com\/forza.legal\/wp-content\/uploads\/2022\/08\/DBVS-009.jpg?fit=600%2C900&ssl=1","contentUrl":"https:\/\/i0.wp.com\/forza.legal\/wp-content\/uploads\/2022\/08\/DBVS-009.jpg?fit=600%2C900&ssl=1","width":600,"height":900,"caption":"JOSE"},{"@type":"BreadcrumbList","@id":"https:\/\/forza.legal\/about-us\/our-team\/jose-andres-valerio\/#breadcrumb","itemListElement":[{"@type":"ListItem","position":1,"name":"Inicio","item":"https:\/\/forza.legal\/"},{"@type":"ListItem","position":2,"name":"About Us","item":"https:\/\/forza.legal\/about-us\/"},{"@type":"ListItem","position":3,"name":"Our Team","item":"https:\/\/forza.legal\/about-us\/our-team\/"},{"@type":"ListItem","position":4,"name":"Jos\u00e9 Andr\u00e9s Valerio"}]},{"@type":"WebSite","@id":"https:\/\/forza.legal\/#website","url":"https:\/\/forza.legal\/","name":"Forza","description":"Firma de Abogados; a team of lawyers and accountants","publisher":{"@id":"https:\/\/forza.legal\/#organization"},"potentialAction":[{"@type":"SearchAction","target":{"@type":"EntryPoint","urlTemplate":"https:\/\/forza.legal\/?s={search_term_string}"},"query-input":"required name=search_term_string"}],"inLanguage":"es"},{"@type":"Organization","@id":"https:\/\/forza.legal\/#organization","name":"Forza","url":"https:\/\/forza.legal\/","logo":{"@type":"ImageObject","inLanguage":"es","@id":"https:\/\/forza.legal\/#\/schema\/logo\/image\/","url":"https:\/\/i0.wp.com\/forza.legal\/wp-content\/uploads\/2022\/08\/Artboard-1.png?fit=1224%2C792&ssl=1","contentUrl":"https:\/\/i0.wp.com\/forza.legal\/wp-content\/uploads\/2022\/08\/Artboard-1.png?fit=1224%2C792&ssl=1","width":1224,"height":792,"caption":"Forza"},"image":{"@id":"https:\/\/forza.legal\/#\/schema\/logo\/image\/"},"sameAs":["https:\/\/www.facebook.com\/forzacostarica","https:\/\/www.instagram.com\/forzacostarica\/","https:\/\/www.linkedin.com\/company\/forzalegal\/"]}]}},"jetpack_sharing_enabled":true,"jetpack-related-posts":[],"_links":{"self":[{"href":"https:\/\/forza.legal\/es\/wp-json\/wp\/v2\/pages\/712"}],"collection":[{"href":"https:\/\/forza.legal\/es\/wp-json\/wp\/v2\/pages"}],"about":[{"href":"https:\/\/forza.legal\/es\/wp-json\/wp\/v2\/types\/page"}],"author":[{"embeddable":true,"href":"https:\/\/forza.legal\/es\/wp-json\/wp\/v2\/users\/1"}],"replies":[{"embeddable":true,"href":"https:\/\/forza.legal\/es\/wp-json\/wp\/v2\/comments?post=712"}],"version-history":[{"count":5,"href":"https:\/\/forza.legal\/es\/wp-json\/wp\/v2\/pages\/712\/revisions"}],"predecessor-version":[{"id":1249,"href":"https:\/\/forza.legal\/es\/wp-json\/wp\/v2\/pages\/712\/revisions\/1249"}],"up":[{"embeddable":true,"href":"https:\/\/forza.legal\/es\/wp-json\/wp\/v2\/pages\/2"}],"wp:featuredmedia":[{"embeddable":true,"href":"https:\/\/forza.legal\/es\/wp-json\/wp\/v2\/media\/578"}],"wp:attachment":[{"href":"https:\/\/forza.legal\/es\/wp-json\/wp\/v2\/media?parent=712"}],"curies":[{"name":"wp","href":"https:\/\/api.w.org\/{rel}","templated":true}]}}