{"id":1481,"date":"2024-04-19T20:25:17","date_gmt":"2024-04-19T20:25:17","guid":{"rendered":"https:\/\/forza.legal\/?page_id=1481"},"modified":"2024-11-04T15:58:43","modified_gmt":"2024-11-04T15:58:43","slug":"monica-zamora","status":"publish","type":"page","link":"https:\/\/forza.legal\/es\/monica-zamora\/","title":{"rendered":"M\u00f3nica Zamora"},"content":{"rendered":"[et_pb_section fb_built=&#8221;1&#8243; _builder_version=&#8221;4.18.0&#8243; _module_preset=&#8221;default&#8221; global_colors_info=&#8221;{}&#8221;][et_pb_row _builder_version=&#8221;4.18.0&#8243; _module_preset=&#8221;default&#8221; custom_padding=&#8221;||0px||false|false&#8221; locked=&#8221;off&#8221; global_colors_info=&#8221;{}&#8221;][et_pb_column type=&#8221;4_4&#8243; _builder_version=&#8221;4.18.0&#8243; _module_preset=&#8221;default&#8221; global_colors_info=&#8221;{}&#8221;][et_pb_text _builder_version=&#8221;4.21.0&#8243; _module_preset=&#8221;default&#8221; global_colors_info=&#8221;{}&#8221;]<h1><strong>M\u00f3nica Zamora<\/strong><\/h1>[\/et_pb_text][\/et_pb_column][\/et_pb_row][et_pb_row column_structure=&#8221;1_3,2_3&#8243; _builder_version=&#8221;4.18.0&#8243; _module_preset=&#8221;default&#8221; locked=&#8221;off&#8221; global_colors_info=&#8221;{}&#8221;][et_pb_column type=&#8221;1_3&#8243; _builder_version=&#8221;4.18.0&#8243; _module_preset=&#8221;default&#8221; global_colors_info=&#8221;{}&#8221;][et_pb_image src=&#8221;https:\/\/forza.legal\/wp-content\/uploads\/2024\/04\/monica_600x900.jpg&#8221; alt=&#8221;Monica Zamora&#8221; title_text=&#8221;monica_600x900&#8243; _builder_version=&#8221;4.21.0&#8243; _module_preset=&#8221;default&#8221; global_colors_info=&#8221;{}&#8221;][\/et_pb_image][\/et_pb_column][et_pb_column type=&#8221;2_3&#8243; _builder_version=&#8221;4.18.0&#8243; _module_preset=&#8221;default&#8221; global_colors_info=&#8221;{}&#8221;][et_pb_text _builder_version=&#8221;4.21.0&#8243; _module_preset=&#8221;default&#8221; text_line_height=&#8221;1.8em&#8221; global_colors_info=&#8221;{}&#8221;]<h2><strong>Attorney<\/strong><\/h2>\n<h4 style=\"text-align: left;\"><strong>Email:<\/strong> <span><a href=\"mailto:mzamora@forza.legal\">mzamora@forza.legal<\/a><\/span><\/h4>\n<div><span>M\u00f3nica is a corporate and labor law lawyer, Notary Public, and Business Administrator with experience in developing, growing, and strengthening new business, while being creative and a team player.<\/span><\/div>\n<div>\n<p><span><\/span><\/p>\n<p style=\"text-align: left;\"><\/p>\n<p><strong>Experience:<\/strong><\/p>\n<ul>\n<li>\n<div>\n<p><span>Chief Legal Officer at DESARROLLADORES 506, a leader real estate and developer company in Costa Rica.<br \/><\/span><\/p>\n<\/div>\n<\/li>\n<li>Corporate counsel for Grupo Sirtecom CR Inversiones S.A., a telecommunications and civil works company with headquarters in Chile. She has maintained a commercial relationship with its representatives for more than 10 years.<\/li>\n<li>Lawyer in charge of all administrative and judicial matters, including labor claim, corporate law and immigration matters.<\/li>\n<li>Lawyer in charge of all corporate matters regarding the regulations of triple play, info communications and new technologies for Data Concept Group S.A., a Costa Rican company.<\/li>\n<\/ul>\n<\/div>\n<p style=\"text-align: left;\"><\/p>\n<p><strong>Education:<\/strong><\/p>\n<div>\n<ul>\n<li>MBA &#8211; Unviersidad de Costa Rica<\/li>\n<li>J.D. &#8211; Unviersidad de Costa Rica<\/li>\n<\/ul>\n<\/div>[\/et_pb_text][\/et_pb_column][\/et_pb_row][et_pb_row _builder_version=&#8221;4.18.0&#8243; _module_preset=&#8221;default&#8221; locked=&#8221;off&#8221; global_colors_info=&#8221;{}&#8221;][et_pb_column type=&#8221;4_4&#8243; _builder_version=&#8221;4.18.0&#8243; _module_preset=&#8221;default&#8221; global_colors_info=&#8221;{}&#8221;][et_pb_button button_url=&#8221;@ET-DC@eyJkeW5hbWljIjp0cnVlLCJjb250ZW50IjoicG9zdF9saW5rX3VybF9wYWdlIiwic2V0dGluZ3MiOnsicG9zdF9pZCI6IjIifX0=@&#8221; button_text=&#8221;VOLVER&#8221; button_alignment=&#8221;center&#8221; _builder_version=&#8221;4.18.0&#8243; _dynamic_attributes=&#8221;button_url&#8221; _module_preset=&#8221;default&#8221; custom_button=&#8221;on&#8221; button_text_size=&#8221;15px&#8221; button_text_color=&#8221;#FFFFFF&#8221; button_bg_color=&#8221;gcid-2cd125a7-2309-4d9d-8775-782f656ac2b1&#8243; button_border_color=&#8221;gcid-2cd125a7-2309-4d9d-8775-782f656ac2b1&#8243; button_border_radius=&#8221;38px&#8221; button_font=&#8221;ABeeZee|700||on|||||&#8221; button_icon=&#8221;&#x44;||divi||400&#8243; button_icon_color=&#8221;#FFFFFF&#8221; button_icon_placement=&#8221;left&#8221; global_colors_info=&#8221;{%22gcid-2cd125a7-2309-4d9d-8775-782f656ac2b1%22:%91%22button_bg_color%22,%22button_border_color%22%93}&#8221;][\/et_pb_button][\/et_pb_column][\/et_pb_row][\/et_pb_section]","protected":false},"excerpt":{"rendered":"<p>M\u00f3nica ZamoraAttorney Email: mzamora@forza.legal M\u00f3nica is a corporate and labor law lawyer, Notary Public, and Business Administrator with experience in developing, growing, and strengthening new business, while being creative and a team player. Experience: Chief Legal Officer at DESARROLLADORES 506, a leader real estate and developer company in Costa Rica. Corporate counsel for Grupo Sirtecom [&hellip;]<\/p>","protected":false},"author":3,"featured_media":1487,"parent":0,"menu_order":0,"comment_status":"closed","ping_status":"closed","template":"","meta":{"_et_pb_use_builder":"on","_et_pb_old_content":"[et_pb_section fb_built=\"1\" _builder_version=\"4.18.0\" _module_preset=\"default\" global_colors_info=\"{}\"][et_pb_row _builder_version=\"4.18.0\" _module_preset=\"default\" custom_padding=\"||0px||false|false\" locked=\"off\" global_colors_info=\"{}\"][et_pb_column type=\"4_4\" _builder_version=\"4.18.0\" _module_preset=\"default\" global_colors_info=\"{}\"][et_pb_text _builder_version=\"4.21.0\" _module_preset=\"default\" global_colors_info=\"{}\"]<h1><strong>Sofia Lowski<\/strong><\/h1>[\/et_pb_text][\/et_pb_column][\/et_pb_row][et_pb_row column_structure=\"1_3,2_3\" _builder_version=\"4.18.0\" _module_preset=\"default\" locked=\"off\" global_colors_info=\"{}\"][et_pb_column type=\"1_3\" _builder_version=\"4.18.0\" _module_preset=\"default\" global_colors_info=\"{}\"][et_pb_image _builder_version=\"4.21.0\" _module_preset=\"default\" title_text=\"sofia_crop\" src=\"https:\/\/forza.legal\/wp-content\/uploads\/2024\/04\/sofia_crop-scaled.jpg\"][\/et_pb_image][\/et_pb_column][et_pb_column type=\"2_3\" _builder_version=\"4.18.0\" _module_preset=\"default\" global_colors_info=\"{}\"][et_pb_text _builder_version=\"4.21.0\" _module_preset=\"default\" global_colors_info=\"{}\"]<h2><strong>Attorney<\/strong><\/h2>\n<h4 style=\"text-align: left;\"><strong>Email:<\/strong> <span><a href=\"mailto:slowsky@forza.legal\">slowsky@forza.legal<\/a><\/span><\/h4>\n<p style=\"text-align: justify;\">Sofia is a seasoned legal professional with over 12 years of experience. Before joining FORZA, she led for 6 years the legal department at a SaaS startup in Israel, where she gained hands-on experience in cross-border commercial transactions, equity and debt financing, and global compliance and operations encompassing corporate governance, privacy, information security, and ESG standards. Sofia\u2019s expertise in these domains is rooted in her earlier roles locally and abroad, at prominent law firms and Big 4 consulting firms, where she specialized in M&amp;A, international tax consulting, and valuation preparation and analysis cross diverse industries.<\/p>\n<strong>Experience:<\/strong>\n<ul>\n\t<li>Agritask - SaaS startup with global operations<\/li>\n\t<li>PwC Israel - Valuation and Economics<\/li>\n\t<li>EY Costa Rica - International Tax Services<\/li>\n\t<li>Dentons (formerly Arias &amp; Mu\u00f1oz) - Finance and Corporate Law<\/li>\n<\/ul>\n<strong>Education:<\/strong>\n<ul>\n<li>Certification in ESG and Sustainable Capitalism - Berkeley Law Executive Education (2023) <\/li>\n<li>MBA - Reichman University formerly IDC, Israel (2017) <\/li>\n<li>Juris Doctor (equivalent) - Universidad Escuela Libre de Derecho (2013) <\/li>\n<li>BA Business and Finance - Universidad Latina de Costa Rica (2011) <\/li>\n<\/ul>\n<ul>\n<ul><\/ul>\n<\/ul>[\/et_pb_text][\/et_pb_column][\/et_pb_row][et_pb_row _builder_version=\"4.18.0\" _module_preset=\"default\" locked=\"off\" global_colors_info=\"{}\"][et_pb_column type=\"4_4\" _builder_version=\"4.18.0\" _module_preset=\"default\" global_colors_info=\"{}\"][et_pb_button button_url=\"@ET-DC@eyJkeW5hbWljIjp0cnVlLCJjb250ZW50IjoicG9zdF9saW5rX3VybF9wYWdlIiwic2V0dGluZ3MiOnsicG9zdF9pZCI6IjIifX0=@\" button_text=\"VOLVER\" button_alignment=\"center\" _builder_version=\"4.18.0\" _dynamic_attributes=\"button_url\" _module_preset=\"default\" custom_button=\"on\" button_text_size=\"15px\" button_text_color=\"#FFFFFF\" button_bg_color=\"gcid-2cd125a7-2309-4d9d-8775-782f656ac2b1\" button_border_color=\"gcid-2cd125a7-2309-4d9d-8775-782f656ac2b1\" button_border_radius=\"38px\" button_font=\"ABeeZee|700||on|||||\" button_icon=\"&#x44;||divi||400\" button_icon_color=\"#FFFFFF\" button_icon_placement=\"left\" global_colors_info=\"{%22gcid-2cd125a7-2309-4d9d-8775-782f656ac2b1%22:%91%22button_bg_color%22,%22button_border_color%22%93}\"][\/et_pb_button][\/et_pb_column][\/et_pb_row][\/et_pb_section]","_et_gb_content_width":"","footnotes":""},"yoast_head":"<!-- This site is optimized with the Yoast SEO plugin v22.6 - https:\/\/yoast.com\/wordpress\/plugins\/seo\/ -->\n<title>M\u00f3nica Zamora - Forza<\/title>\n<meta name=\"robots\" content=\"index, follow, max-snippet:-1, max-image-preview:large, max-video-preview:-1\" \/>\n<link rel=\"canonical\" href=\"https:\/\/forza.legal\/es\/monica-zamora\/\" \/>\n<meta property=\"og:locale\" content=\"es_ES\" \/>\n<meta property=\"og:type\" content=\"article\" \/>\n<meta property=\"og:title\" content=\"M\u00f3nica Zamora - Forza\" \/>\n<meta property=\"og:description\" content=\"M\u00f3nica ZamoraAttorney Email: mzamora@forza.legal M\u00f3nica is a corporate and labor law lawyer, Notary Public, and Business Administrator with experience in developing, growing, and strengthening new business, while being creative and a team player. Experience: Chief Legal Officer at DESARROLLADORES 506, a leader real estate and developer company in Costa Rica. Corporate counsel for Grupo Sirtecom [&hellip;]\" \/>\n<meta property=\"og:url\" content=\"https:\/\/forza.legal\/es\/monica-zamora\/\" \/>\n<meta property=\"og:site_name\" content=\"Forza\" \/>\n<meta property=\"article:publisher\" content=\"https:\/\/www.facebook.com\/forzacostarica\" \/>\n<meta property=\"article:modified_time\" content=\"2024-11-04T15:58:43+00:00\" \/>\n<meta property=\"og:image\" content=\"https:\/\/forza.legal\/wp-content\/uploads\/2024\/04\/monica_600x900.jpg\" \/>\n\t<meta property=\"og:image:width\" content=\"600\" \/>\n\t<meta property=\"og:image:height\" content=\"900\" \/>\n\t<meta property=\"og:image:type\" content=\"image\/jpeg\" \/>\n<meta name=\"twitter:card\" content=\"summary_large_image\" \/>\n<meta name=\"twitter:label1\" content=\"Tiempo de lectura\" \/>\n\t<meta name=\"twitter:data1\" content=\"2 minutos\" \/>\n<script type=\"application\/ld+json\" class=\"yoast-schema-graph\">{\"@context\":\"https:\/\/schema.org\",\"@graph\":[{\"@type\":\"WebPage\",\"@id\":\"https:\/\/forza.legal\/monica-zamora\/\",\"url\":\"https:\/\/forza.legal\/monica-zamora\/\",\"name\":\"M\u00f3nica Zamora - Forza\",\"isPartOf\":{\"@id\":\"https:\/\/forza.legal\/#website\"},\"primaryImageOfPage\":{\"@id\":\"https:\/\/forza.legal\/monica-zamora\/#primaryimage\"},\"image\":{\"@id\":\"https:\/\/forza.legal\/monica-zamora\/#primaryimage\"},\"thumbnailUrl\":\"https:\/\/i0.wp.com\/forza.legal\/wp-content\/uploads\/2024\/04\/monica_600x900.jpg?fit=600%2C900&ssl=1\",\"datePublished\":\"2024-04-19T20:25:17+00:00\",\"dateModified\":\"2024-11-04T15:58:43+00:00\",\"breadcrumb\":{\"@id\":\"https:\/\/forza.legal\/monica-zamora\/#breadcrumb\"},\"inLanguage\":\"es\",\"potentialAction\":[{\"@type\":\"ReadAction\",\"target\":[\"https:\/\/forza.legal\/monica-zamora\/\"]}]},{\"@type\":\"ImageObject\",\"inLanguage\":\"es\",\"@id\":\"https:\/\/forza.legal\/monica-zamora\/#primaryimage\",\"url\":\"https:\/\/i0.wp.com\/forza.legal\/wp-content\/uploads\/2024\/04\/monica_600x900.jpg?fit=600%2C900&ssl=1\",\"contentUrl\":\"https:\/\/i0.wp.com\/forza.legal\/wp-content\/uploads\/2024\/04\/monica_600x900.jpg?fit=600%2C900&ssl=1\",\"width\":600,\"height\":900,\"caption\":\"Monica Zamora\"},{\"@type\":\"BreadcrumbList\",\"@id\":\"https:\/\/forza.legal\/monica-zamora\/#breadcrumb\",\"itemListElement\":[{\"@type\":\"ListItem\",\"position\":1,\"name\":\"Inicio\",\"item\":\"https:\/\/forza.legal\/\"},{\"@type\":\"ListItem\",\"position\":2,\"name\":\"M\u00f3nica Zamora\"}]},{\"@type\":\"WebSite\",\"@id\":\"https:\/\/forza.legal\/#website\",\"url\":\"https:\/\/forza.legal\/\",\"name\":\"Forza\",\"description\":\"Firma de Abogados; a team of lawyers and accountants\",\"publisher\":{\"@id\":\"https:\/\/forza.legal\/#organization\"},\"potentialAction\":[{\"@type\":\"SearchAction\",\"target\":{\"@type\":\"EntryPoint\",\"urlTemplate\":\"https:\/\/forza.legal\/?s={search_term_string}\"},\"query-input\":\"required name=search_term_string\"}],\"inLanguage\":\"es\"},{\"@type\":\"Organization\",\"@id\":\"https:\/\/forza.legal\/#organization\",\"name\":\"Forza\",\"url\":\"https:\/\/forza.legal\/\",\"logo\":{\"@type\":\"ImageObject\",\"inLanguage\":\"es\",\"@id\":\"https:\/\/forza.legal\/#\/schema\/logo\/image\/\",\"url\":\"https:\/\/i0.wp.com\/forza.legal\/wp-content\/uploads\/2022\/08\/Artboard-1.png?fit=1224%2C792&ssl=1\",\"contentUrl\":\"https:\/\/i0.wp.com\/forza.legal\/wp-content\/uploads\/2022\/08\/Artboard-1.png?fit=1224%2C792&ssl=1\",\"width\":1224,\"height\":792,\"caption\":\"Forza\"},\"image\":{\"@id\":\"https:\/\/forza.legal\/#\/schema\/logo\/image\/\"},\"sameAs\":[\"https:\/\/www.facebook.com\/forzacostarica\",\"https:\/\/www.instagram.com\/forzacostarica\/\",\"https:\/\/www.linkedin.com\/company\/forzalegal\/\"]}]}<\/script>\n<!-- \/ Yoast SEO plugin. -->","yoast_head_json":{"title":"M\u00f3nica Zamora - Forza","robots":{"index":"index","follow":"follow","max-snippet":"max-snippet:-1","max-image-preview":"max-image-preview:large","max-video-preview":"max-video-preview:-1"},"canonical":"https:\/\/forza.legal\/es\/monica-zamora\/","og_locale":"es_ES","og_type":"article","og_title":"M\u00f3nica Zamora - Forza","og_description":"M\u00f3nica ZamoraAttorney Email: mzamora@forza.legal M\u00f3nica is a corporate and labor law lawyer, Notary Public, and Business Administrator with experience in developing, growing, and strengthening new business, while being creative and a team player. Experience: Chief Legal Officer at DESARROLLADORES 506, a leader real estate and developer company in Costa Rica. Corporate counsel for Grupo Sirtecom [&hellip;]","og_url":"https:\/\/forza.legal\/es\/monica-zamora\/","og_site_name":"Forza","article_publisher":"https:\/\/www.facebook.com\/forzacostarica","article_modified_time":"2024-11-04T15:58:43+00:00","og_image":[{"width":600,"height":900,"url":"https:\/\/forza.legal\/wp-content\/uploads\/2024\/04\/monica_600x900.jpg","type":"image\/jpeg"}],"twitter_card":"summary_large_image","twitter_misc":{"Tiempo de lectura":"2 minutos"},"schema":{"@context":"https:\/\/schema.org","@graph":[{"@type":"WebPage","@id":"https:\/\/forza.legal\/monica-zamora\/","url":"https:\/\/forza.legal\/monica-zamora\/","name":"M\u00f3nica Zamora - Forza","isPartOf":{"@id":"https:\/\/forza.legal\/#website"},"primaryImageOfPage":{"@id":"https:\/\/forza.legal\/monica-zamora\/#primaryimage"},"image":{"@id":"https:\/\/forza.legal\/monica-zamora\/#primaryimage"},"thumbnailUrl":"https:\/\/i0.wp.com\/forza.legal\/wp-content\/uploads\/2024\/04\/monica_600x900.jpg?fit=600%2C900&ssl=1","datePublished":"2024-04-19T20:25:17+00:00","dateModified":"2024-11-04T15:58:43+00:00","breadcrumb":{"@id":"https:\/\/forza.legal\/monica-zamora\/#breadcrumb"},"inLanguage":"es","potentialAction":[{"@type":"ReadAction","target":["https:\/\/forza.legal\/monica-zamora\/"]}]},{"@type":"ImageObject","inLanguage":"es","@id":"https:\/\/forza.legal\/monica-zamora\/#primaryimage","url":"https:\/\/i0.wp.com\/forza.legal\/wp-content\/uploads\/2024\/04\/monica_600x900.jpg?fit=600%2C900&ssl=1","contentUrl":"https:\/\/i0.wp.com\/forza.legal\/wp-content\/uploads\/2024\/04\/monica_600x900.jpg?fit=600%2C900&ssl=1","width":600,"height":900,"caption":"Monica Zamora"},{"@type":"BreadcrumbList","@id":"https:\/\/forza.legal\/monica-zamora\/#breadcrumb","itemListElement":[{"@type":"ListItem","position":1,"name":"Inicio","item":"https:\/\/forza.legal\/"},{"@type":"ListItem","position":2,"name":"M\u00f3nica Zamora"}]},{"@type":"WebSite","@id":"https:\/\/forza.legal\/#website","url":"https:\/\/forza.legal\/","name":"Forza","description":"Firma de Abogados; a team of lawyers and accountants","publisher":{"@id":"https:\/\/forza.legal\/#organization"},"potentialAction":[{"@type":"SearchAction","target":{"@type":"EntryPoint","urlTemplate":"https:\/\/forza.legal\/?s={search_term_string}"},"query-input":"required name=search_term_string"}],"inLanguage":"es"},{"@type":"Organization","@id":"https:\/\/forza.legal\/#organization","name":"Forza","url":"https:\/\/forza.legal\/","logo":{"@type":"ImageObject","inLanguage":"es","@id":"https:\/\/forza.legal\/#\/schema\/logo\/image\/","url":"https:\/\/i0.wp.com\/forza.legal\/wp-content\/uploads\/2022\/08\/Artboard-1.png?fit=1224%2C792&ssl=1","contentUrl":"https:\/\/i0.wp.com\/forza.legal\/wp-content\/uploads\/2022\/08\/Artboard-1.png?fit=1224%2C792&ssl=1","width":1224,"height":792,"caption":"Forza"},"image":{"@id":"https:\/\/forza.legal\/#\/schema\/logo\/image\/"},"sameAs":["https:\/\/www.facebook.com\/forzacostarica","https:\/\/www.instagram.com\/forzacostarica\/","https:\/\/www.linkedin.com\/company\/forzalegal\/"]}]}},"jetpack_sharing_enabled":true,"jetpack-related-posts":[],"_links":{"self":[{"href":"https:\/\/forza.legal\/es\/wp-json\/wp\/v2\/pages\/1481"}],"collection":[{"href":"https:\/\/forza.legal\/es\/wp-json\/wp\/v2\/pages"}],"about":[{"href":"https:\/\/forza.legal\/es\/wp-json\/wp\/v2\/types\/page"}],"author":[{"embeddable":true,"href":"https:\/\/forza.legal\/es\/wp-json\/wp\/v2\/users\/3"}],"replies":[{"embeddable":true,"href":"https:\/\/forza.legal\/es\/wp-json\/wp\/v2\/comments?post=1481"}],"version-history":[{"count":6,"href":"https:\/\/forza.legal\/es\/wp-json\/wp\/v2\/pages\/1481\/revisions"}],"predecessor-version":[{"id":1520,"href":"https:\/\/forza.legal\/es\/wp-json\/wp\/v2\/pages\/1481\/revisions\/1520"}],"wp:featuredmedia":[{"embeddable":true,"href":"https:\/\/forza.legal\/es\/wp-json\/wp\/v2\/media\/1487"}],"wp:attachment":[{"href":"https:\/\/forza.legal\/es\/wp-json\/wp\/v2\/media?parent=1481"}],"curies":[{"name":"wp","href":"https:\/\/api.w.org\/{rel}","templated":true}]}}